{"id":303,"date":"2022-09-07T09:50:42","date_gmt":"2022-09-07T07:50:42","guid":{"rendered":"https:\/\/e-majprod.com\/?page_id=303"},"modified":"2022-09-28T14:34:57","modified_gmt":"2022-09-28T12:34:57","slug":"equipe","status":"publish","type":"page","link":"https:\/\/e-majprod.com\/index.php\/equipe\/","title":{"rendered":"Equipe"},"content":{"rendered":"\t\t<div data-elementor-type=\"wp-page\" data-elementor-id=\"303\" class=\"elementor elementor-303\">\n\t\t\t\t\t\t\t\t\t<section class=\"elementor-section elementor-top-section elementor-element elementor-element-6f276a35 elementor-section-boxed elementor-section-height-default elementor-section-height-default\" data-id=\"6f276a35\" data-element_type=\"section\" data-settings=\"{&quot;background_background&quot;:&quot;classic&quot;}\">\n\t\t\t\t\t\t<div class=\"elementor-container elementor-column-gap-default\">\n\t\t\t\t\t<div class=\"elementor-column elementor-col-100 elementor-top-column elementor-element elementor-element-263e742d\" data-id=\"263e742d\" data-element_type=\"column\">\n\t\t\t<div class=\"elementor-widget-wrap elementor-element-populated\">\n\t\t\t\t\t\t\t\t<div class=\"elementor-element elementor-element-57611a5 elementor-widget elementor-widget-spacer\" data-id=\"57611a5\" data-element_type=\"widget\" data-widget_type=\"spacer.default\">\n\t\t\t\t<div class=\"elementor-widget-container\">\n\t\t\t<style>\/*! elementor - v3.16.0 - 17-10-2023 *\/\n.elementor-column .elementor-spacer-inner{height:var(--spacer-size)}.e-con{--container-widget-width:100%}.e-con-inner>.elementor-widget-spacer,.e-con>.elementor-widget-spacer{width:var(--container-widget-width,var(--spacer-size));--align-self:var(--container-widget-align-self,initial);--flex-shrink:0}.e-con-inner>.elementor-widget-spacer>.elementor-widget-container,.e-con>.elementor-widget-spacer>.elementor-widget-container{height:100%;width:100%}.e-con-inner>.elementor-widget-spacer>.elementor-widget-container>.elementor-spacer,.e-con>.elementor-widget-spacer>.elementor-widget-container>.elementor-spacer{height:100%}.e-con-inner>.elementor-widget-spacer>.elementor-widget-container>.elementor-spacer>.elementor-spacer-inner,.e-con>.elementor-widget-spacer>.elementor-widget-container>.elementor-spacer>.elementor-spacer-inner{height:var(--container-widget-height,var(--spacer-size))}.e-con-inner>.elementor-widget-spacer.elementor-widget-empty,.e-con>.elementor-widget-spacer.elementor-widget-empty{position:relative;min-height:22px;min-width:22px}.e-con-inner>.elementor-widget-spacer.elementor-widget-empty .elementor-widget-empty-icon,.e-con>.elementor-widget-spacer.elementor-widget-empty .elementor-widget-empty-icon{position:absolute;top:0;bottom:0;left:0;right:0;margin:auto;padding:0;width:22px;height:22px}<\/style>\t\t<div class=\"elementor-spacer\">\n\t\t\t<div class=\"elementor-spacer-inner\"><\/div>\n\t\t<\/div>\n\t\t\t\t<\/div>\n\t\t\t\t<\/div>\n\t\t\t\t<div class=\"elementor-element elementor-element-bc8ca93 e-transform elementor-widget elementor-widget-image\" data-id=\"bc8ca93\" data-element_type=\"widget\" data-settings=\"{&quot;_transform_scale_effect&quot;:{&quot;unit&quot;:&quot;px&quot;,&quot;size&quot;:0.2,&quot;sizes&quot;:[]},&quot;_transform_scale_effect_tablet&quot;:{&quot;unit&quot;:&quot;px&quot;,&quot;size&quot;:&quot;&quot;,&quot;sizes&quot;:[]},&quot;_transform_scale_effect_mobile&quot;:{&quot;unit&quot;:&quot;px&quot;,&quot;size&quot;:&quot;&quot;,&quot;sizes&quot;:[]}}\" data-widget_type=\"image.default\">\n\t\t\t\t<div class=\"elementor-widget-container\">\n\t\t\t<style>\/*! elementor - v3.16.0 - 17-10-2023 *\/\n.elementor-widget-image{text-align:center}.elementor-widget-image a{display:inline-block}.elementor-widget-image a img[src$=\".svg\"]{width:48px}.elementor-widget-image img{vertical-align:middle;display:inline-block}<\/style>\t\t\t\t\t\t\t\t\t\t\t\t<img decoding=\"async\" width=\"537\" height=\"296\" src=\"https:\/\/e-majprod.com\/wp-content\/uploads\/2022\/09\/EQUIPE-EMAJPROD.png\" class=\"attachment-full size-full wp-image-1100\" alt=\"\" loading=\"lazy\" sizes=\"100vw\" \/>\t\t\t\t\t\t\t\t\t\t\t\t\t\t\t<\/div>\n\t\t\t\t<\/div>\n\t\t\t\t<div class=\"elementor-element elementor-element-b690987 elementor-widget elementor-widget-text-editor\" data-id=\"b690987\" data-element_type=\"widget\" data-widget_type=\"text-editor.default\">\n\t\t\t\t<div class=\"elementor-widget-container\">\n\t\t\t<style>\/*! elementor - v3.16.0 - 17-10-2023 *\/\n.elementor-widget-text-editor.elementor-drop-cap-view-stacked .elementor-drop-cap{background-color:#69727d;color:#fff}.elementor-widget-text-editor.elementor-drop-cap-view-framed .elementor-drop-cap{color:#69727d;border:3px solid;background-color:transparent}.elementor-widget-text-editor:not(.elementor-drop-cap-view-default) .elementor-drop-cap{margin-top:8px}.elementor-widget-text-editor:not(.elementor-drop-cap-view-default) .elementor-drop-cap-letter{width:1em;height:1em}.elementor-widget-text-editor .elementor-drop-cap{float:left;text-align:center;line-height:1;font-size:50px}.elementor-widget-text-editor .elementor-drop-cap-letter{display:inline-block}<\/style>\t\t\t\t<p style=\"text-align: center;\">E-MAJ Productions est compos\u00e9e de 3 membres aux parcours divers, r\u00e9unis autour d&rsquo;une seule envie : mettre en image vos projets.\u00a0<br \/><span style=\"font-size: 1rem;\">Riche de leurs exp\u00e9riences, notre \u00e9quipe sera r\u00e9pondre au mieux \u00e0 vos attentes.\u00a0<\/span><\/p>\t\t\t\t\t\t<\/div>\n\t\t\t\t<\/div>\n\t\t\t\t<section class=\"elementor-section elementor-inner-section elementor-element elementor-element-3cd786d elementor-section-boxed elementor-section-height-default elementor-section-height-default\" data-id=\"3cd786d\" data-element_type=\"section\">\n\t\t\t\t\t\t<div class=\"elementor-container elementor-column-gap-default\">\n\t\t\t\t\t<div class=\"elementor-column elementor-col-33 elementor-inner-column elementor-element elementor-element-6c28216\" data-id=\"6c28216\" data-element_type=\"column\">\n\t\t\t<div class=\"elementor-widget-wrap elementor-element-populated\">\n\t\t\t\t\t\t\t\t<div class=\"elementor-element elementor-element-810275c elementor-widget elementor-widget-image\" data-id=\"810275c\" data-element_type=\"widget\" data-widget_type=\"image.default\">\n\t\t\t\t<div class=\"elementor-widget-container\">\n\t\t\t\t\t\t\t\t\t\t\t\t\t\t\t<img decoding=\"async\" src=\"https:\/\/e-majprod.com\/wp-content\/uploads\/elementor\/thumbs\/29790828_10155956649010935_835079508346760664_n-pvfei2tv8may5aw19vqcshkzifl8rxp1fxt1nbg0hc.jpg\" title=\"29790828_10155956649010935_835079508346760664_n\" alt=\"29790828_10155956649010935_835079508346760664_n\" loading=\"lazy\" \/>\t\t\t\t\t\t\t\t\t\t\t\t\t\t\t<\/div>\n\t\t\t\t<\/div>\n\t\t\t\t<div class=\"elementor-element elementor-element-044529c elementor-widget elementor-widget-heading\" data-id=\"044529c\" data-element_type=\"widget\" data-widget_type=\"heading.default\">\n\t\t\t\t<div class=\"elementor-widget-container\">\n\t\t\t<style>\/*! elementor - v3.16.0 - 17-10-2023 *\/\n.elementor-heading-title{padding:0;margin:0;line-height:1}.elementor-widget-heading .elementor-heading-title[class*=elementor-size-]>a{color:inherit;font-size:inherit;line-height:inherit}.elementor-widget-heading .elementor-heading-title.elementor-size-small{font-size:15px}.elementor-widget-heading .elementor-heading-title.elementor-size-medium{font-size:19px}.elementor-widget-heading .elementor-heading-title.elementor-size-large{font-size:29px}.elementor-widget-heading .elementor-heading-title.elementor-size-xl{font-size:39px}.elementor-widget-heading .elementor-heading-title.elementor-size-xxl{font-size:59px}<\/style><h2 class=\"elementor-heading-title elementor-size-default\">Margaux<\/h2>\t\t<\/div>\n\t\t\t\t<\/div>\n\t\t\t\t<div class=\"elementor-element elementor-element-e1b3edc elementor-widget elementor-widget-text-editor\" data-id=\"e1b3edc\" data-element_type=\"widget\" data-widget_type=\"text-editor.default\">\n\t\t\t\t<div class=\"elementor-widget-container\">\n\t\t\t\t\t\t\t<p class=\"p1\">Fonction\u00a0: Productrice &#8211; Directrice de la Photographie<\/p><p class=\"p1\">Point fort : La prise de vue<\/p><p class=\"p1\">Margaux manie la cam\u00e9ra avec passion, attention et rigueur. L&rsquo;image est son langage. Le digital et les nouveaux m\u00e9dias sont ses domaines de pr\u00e9dilection.<\/p><p class=\"p1\">Des fictions courtes aux films corporate : sa cr\u00e9ativit\u00e9 n&rsquo;a d&rsquo;\u00e9gal que son optimisme.<\/p>\t\t\t\t\t\t<\/div>\n\t\t\t\t<\/div>\n\t\t\t\t\t<\/div>\n\t\t<\/div>\n\t\t\t\t<div class=\"elementor-column elementor-col-33 elementor-inner-column elementor-element elementor-element-4749051\" data-id=\"4749051\" data-element_type=\"column\">\n\t\t\t<div class=\"elementor-widget-wrap elementor-element-populated\">\n\t\t\t\t\t\t\t\t<div class=\"elementor-element elementor-element-8c40526 elementor-widget elementor-widget-image\" data-id=\"8c40526\" data-element_type=\"widget\" data-widget_type=\"image.default\">\n\t\t\t\t<div class=\"elementor-widget-container\">\n\t\t\t\t\t\t\t\t\t\t\t\t\t\t\t<img decoding=\"async\" src=\"https:\/\/e-majprod.com\/wp-content\/uploads\/elementor\/thumbs\/4f41dfa7-0ffb-41c1-9718-6e91d3d0bd35-pvfeoj004p4rszism637eczu8lswl6aqnuxz6nvrsg.jpg\" title=\"4f41dfa7-0ffb-41c1-9718-6e91d3d0bd35\" alt=\"4f41dfa7-0ffb-41c1-9718-6e91d3d0bd35\" loading=\"lazy\" \/>\t\t\t\t\t\t\t\t\t\t\t\t\t\t\t<\/div>\n\t\t\t\t<\/div>\n\t\t\t\t<div class=\"elementor-element elementor-element-8dea784 elementor-widget elementor-widget-heading\" data-id=\"8dea784\" data-element_type=\"widget\" data-widget_type=\"heading.default\">\n\t\t\t\t<div class=\"elementor-widget-container\">\n\t\t\t<h2 class=\"elementor-heading-title elementor-size-default\">Anais<\/h2>\t\t<\/div>\n\t\t\t\t<\/div>\n\t\t\t\t<div class=\"elementor-element elementor-element-0af5008 elementor-widget elementor-widget-text-editor\" data-id=\"0af5008\" data-element_type=\"widget\" data-widget_type=\"text-editor.default\">\n\t\t\t\t<div class=\"elementor-widget-container\">\n\t\t\t\t\t\t\t<p class=\"p1\"><b>Fonction :\u00a0<\/b>Productrice &#8211; Directrice Artistique<\/p><p class=\"p1\"><strong>Point fort<\/strong> :\u00a0La Cr\u00e9ation\u00a0<\/p><p class=\"p1\">Ana\u00efs\u00a0a\u00a0eu plusieurs vies. Dans l&rsquo;une d&rsquo;elles, elle \u00e9tait ing\u00e9nieur m\u00e9dical et dans une autre com\u00e9dienne et sc\u00e9nariste.<\/p><p class=\"p1\">Aujourd&rsquo;hui elle est aux manettes de la cr\u00e9ation et de la conception des projets de E-MAJ. Cette passionn\u00e9e de cin\u00e9ma ultra-organis\u00e9e met son hyper-activit\u00e9 au service de son art.<\/p>\t\t\t\t\t\t<\/div>\n\t\t\t\t<\/div>\n\t\t\t\t\t<\/div>\n\t\t<\/div>\n\t\t\t\t<div class=\"elementor-column elementor-col-33 elementor-inner-column elementor-element elementor-element-75a0057\" data-id=\"75a0057\" data-element_type=\"column\">\n\t\t\t<div class=\"elementor-widget-wrap elementor-element-populated\">\n\t\t\t\t\t\t\t\t<div class=\"elementor-element elementor-element-1ec8a58 elementor-widget elementor-widget-image\" data-id=\"1ec8a58\" data-element_type=\"widget\" data-widget_type=\"image.default\">\n\t\t\t\t<div class=\"elementor-widget-container\">\n\t\t\t\t\t\t\t\t\t\t\t\t\t\t\t<img decoding=\"async\" src=\"https:\/\/e-majprod.com\/wp-content\/uploads\/elementor\/thumbs\/4B44A760-E385-404B-8F79-A1A6149DA902_1_201_a-pvfetkeurq141q7a6ui79l7svyyquraxosuot2esfk.jpeg\" title=\"4B44A760-E385-404B-8F79-A1A6149DA902_1_201_a\" alt=\"4B44A760-E385-404B-8F79-A1A6149DA902_1_201_a\" loading=\"lazy\" \/>\t\t\t\t\t\t\t\t\t\t\t\t\t\t\t<\/div>\n\t\t\t\t<\/div>\n\t\t\t\t<div class=\"elementor-element elementor-element-6a73be8 elementor-widget elementor-widget-heading\" data-id=\"6a73be8\" data-element_type=\"widget\" data-widget_type=\"heading.default\">\n\t\t\t\t<div class=\"elementor-widget-container\">\n\t\t\t<h2 class=\"elementor-heading-title elementor-size-default\">Jeremy<\/h2>\t\t<\/div>\n\t\t\t\t<\/div>\n\t\t\t\t<div class=\"elementor-element elementor-element-6046ee1 elementor-widget elementor-widget-text-editor\" data-id=\"6046ee1\" data-element_type=\"widget\" data-widget_type=\"text-editor.default\">\n\t\t\t\t<div class=\"elementor-widget-container\">\n\t\t\t\t\t\t\t<p class=\"p1\"><span class=\"s1\">Fonction<\/span><b> <\/b><span class=\"s1\">:<\/span><span class=\"s2\"><b>\u00a0<\/b><\/span>Producteur &#8211; T\u00e9l\u00e9 pilote Drone<\/p><p class=\"p1\"><span class=\"s1\">Point fort :\u00a0<\/span>Le\u00a0pilotage de drones<\/p><p class=\"p1\">Depuis tout petit, J\u00e9r\u00e9my n&rsquo;a d&rsquo;yeux que pour l&rsquo;a\u00e9ronautique. Le pilotage de drones, c&rsquo;est ce qui le fait planer.<\/p><p class=\"p1\">Quel que soit le mod\u00e8le, ce t\u00e9l\u00e9pilote et formateur expert peut passer des heures \u00e0 voler avec ces appareils \u00e0 la pointe de la technologie. Et les s\u00e9quences qui en ressortent respirent forc\u00e9ment sa passion. Son c\u00f4t\u00e9 geek lui am\u00e8ne \u00e0 trouver des solutions pour tout.<\/p>\t\t\t\t\t\t<\/div>\n\t\t\t\t<\/div>\n\t\t\t\t\t<\/div>\n\t\t<\/div>\n\t\t\t\t\t\t\t<\/div>\n\t\t<\/section>\n\t\t\t\t<div class=\"elementor-element elementor-element-51c2578 elementor-widget elementor-widget-spacer\" data-id=\"51c2578\" data-element_type=\"widget\" data-widget_type=\"spacer.default\">\n\t\t\t\t<div class=\"elementor-widget-container\">\n\t\t\t\t\t<div class=\"elementor-spacer\">\n\t\t\t<div class=\"elementor-spacer-inner\"><\/div>\n\t\t<\/div>\n\t\t\t\t<\/div>\n\t\t\t\t<\/div>\n\t\t\t\t\t<\/div>\n\t\t<\/div>\n\t\t\t\t\t\t\t<\/div>\n\t\t<\/section>\n\t\t\t\t\t\t\t<\/div>\n\t\t","protected":false},"excerpt":{"rendered":"<p>E-MAJ Productions est compos\u00e9e de 3 membres aux parcours divers, r\u00e9unis autour d&rsquo;une seule envie : mettre en image vos projets.\u00a0Riche de leurs exp\u00e9riences, notre \u00e9quipe sera r\u00e9pondre au mieux \u00e0 vos attentes.\u00a0 Margaux Fonction\u00a0: Productrice &#8211; Directrice de la Photographie Point fort : La prise de vue Margaux manie la cam\u00e9ra avec passion, attention &hellip; <\/p>\n<p class=\"link-more\"><a href=\"https:\/\/e-majprod.com\/index.php\/equipe\/\" class=\"more-link\">Continuer la lecture<span class=\"screen-reader-text\"> de &laquo;&nbsp;Equipe&nbsp;&raquo;<\/span><\/a><\/p>\n","protected":false},"author":1,"featured_media":0,"parent":0,"menu_order":0,"comment_status":"closed","ping_status":"closed","template":"","meta":[],"_links":{"self":[{"href":"https:\/\/e-majprod.com\/index.php\/wp-json\/wp\/v2\/pages\/303"}],"collection":[{"href":"https:\/\/e-majprod.com\/index.php\/wp-json\/wp\/v2\/pages"}],"about":[{"href":"https:\/\/e-majprod.com\/index.php\/wp-json\/wp\/v2\/types\/page"}],"author":[{"embeddable":true,"href":"https:\/\/e-majprod.com\/index.php\/wp-json\/wp\/v2\/users\/1"}],"replies":[{"embeddable":true,"href":"https:\/\/e-majprod.com\/index.php\/wp-json\/wp\/v2\/comments?post=303"}],"version-history":[{"count":159,"href":"https:\/\/e-majprod.com\/index.php\/wp-json\/wp\/v2\/pages\/303\/revisions"}],"predecessor-version":[{"id":1170,"href":"https:\/\/e-majprod.com\/index.php\/wp-json\/wp\/v2\/pages\/303\/revisions\/1170"}],"wp:attachment":[{"href":"https:\/\/e-majprod.com\/index.php\/wp-json\/wp\/v2\/media?parent=303"}],"curies":[{"name":"wp","href":"https:\/\/api.w.org\/{rel}","templated":true}]}}